{"id":827,"date":"2025-10-15T21:37:31","date_gmt":"2025-10-15T19:37:31","guid":{"rendered":"https:\/\/pomocit.pro\/?post_type=product&#038;p=827"},"modified":"2025-10-16T06:17:31","modified_gmt":"2025-10-16T04:17:31","slug":"czytnik-kodow-kreskowych-zebra-usb-2d-ds2208","status":"publish","type":"product","link":"https:\/\/pomocit.pro\/index.php\/produkt\/czytnik-kodow-kreskowych-zebra-usb-2d-ds2208\/","title":{"rendered":"Czytnik kod\u00f3w kreskowych Zebra USB 2D DS2208"},"content":{"rendered":"<p>Szybszy odczyt kod\u00f3w kreskowych 1D i 2D z wi\u0119kszej odleg\u0142o\u015bci dzi\u0119ki technologii nowej generacji. DS2208 to pe\u0142en nowych funkcji czytnik kod\u00f3w 2D, ustanawiaj\u0105cy nowy standard wydajno\u015bci, zasi\u0119gu, uniwersalno\u015bci zastosowa\u0144 i wygody u\u017cytkowania. Mo\u017cliwy jest odczyt kod\u00f3w z wy\u015bwietlacza telefonu kom\u00f3rkowego.<\/p>\n","protected":false},"excerpt":{"rendered":"<ul class=\"product__content-attributes\">\n<li>Szybki skaner kod\u00f3w 2D<\/li>\n<li>Odczyt kod\u00f3w z ekranu telefonu<\/li>\n<\/ul>\n","protected":false},"featured_media":829,"comment_status":"open","ping_status":"closed","template":"","meta":{"inline_featured_image":false,"neve_meta_sidebar":"","neve_meta_container":"","neve_meta_enable_content_width":"off","neve_meta_content_width":100,"neve_meta_title_alignment":"","neve_meta_author_avatar":"","neve_post_elements_order":"","neve_meta_disable_header":"","neve_meta_disable_footer":"","neve_meta_disable_title":""},"product_brand":[],"product_cat":[27],"product_tag":[],"class_list":{"0":"post-827","1":"product","2":"type-product","3":"status-publish","4":"has-post-thumbnail","6":"product_cat-ck","8":"first","9":"instock","10":"taxable","11":"shipping-taxable","12":"purchasable","13":"product-type-simple"},"yoast_head":"<!-- This site is optimized with the Yoast SEO plugin v23.4 - https:\/\/yoast.com\/wordpress\/plugins\/seo\/ -->\n<title>Czytnik kod\u00f3w kreskowych Zebra USB 2D DS2208 - Kompleksowa Obs\u0142uga Informatyczna.<\/title>\n<meta name=\"description\" content=\"Szybki skaner kod\u00f3w 2D Odczyt kod\u00f3w z ekranu telefonu\" \/>\n<meta name=\"robots\" content=\"index, follow, max-snippet:-1, max-image-preview:large, max-video-preview:-1\" \/>\n<link rel=\"canonical\" href=\"https:\/\/pomocit.pro\/index.php\/produkt\/czytnik-kodow-kreskowych-zebra-usb-2d-ds2208\/\" \/>\n<meta property=\"og:locale\" content=\"pl_PL\" \/>\n<meta property=\"og:type\" content=\"article\" \/>\n<meta property=\"og:title\" content=\"Czytnik kod\u00f3w kreskowych Zebra USB 2D DS2208 - Kompleksowa Obs\u0142uga Informatyczna.\" \/>\n<meta property=\"og:description\" content=\"Szybki skaner kod\u00f3w 2D Odczyt kod\u00f3w z ekranu telefonu\" \/>\n<meta property=\"og:url\" content=\"https:\/\/pomocit.pro\/index.php\/produkt\/czytnik-kodow-kreskowych-zebra-usb-2d-ds2208\/\" \/>\n<meta property=\"og:site_name\" content=\"Kompleksowa Obs\u0142uga Informatyczna.\" \/>\n<meta property=\"article:publisher\" content=\"https:\/\/www.facebook.com\/pomocit.pro\/\" \/>\n<meta property=\"article:modified_time\" content=\"2025-10-16T04:17:31+00:00\" \/>\n<meta property=\"og:image\" content=\"https:\/\/pomocit.pro\/wp-content\/uploads\/2025\/10\/skaner-zebra-ds2208-w-podstawce-jpg.jpg\" \/>\n\t<meta property=\"og:image:width\" content=\"327\" \/>\n\t<meta property=\"og:image:height\" content=\"327\" \/>\n\t<meta property=\"og:image:type\" content=\"image\/jpeg\" \/>\n<meta name=\"twitter:card\" content=\"summary_large_image\" \/>\n<meta name=\"twitter:label1\" content=\"Szacowany czas czytania\" \/>\n\t<meta name=\"twitter:data1\" content=\"1 minuta\" \/>\n<script type=\"application\/ld+json\" class=\"yoast-schema-graph\">{\"@context\":\"https:\/\/schema.org\",\"@graph\":[{\"@type\":\"WebPage\",\"@id\":\"https:\/\/pomocit.pro\/index.php\/produkt\/czytnik-kodow-kreskowych-zebra-usb-2d-ds2208\/\",\"url\":\"https:\/\/pomocit.pro\/index.php\/produkt\/czytnik-kodow-kreskowych-zebra-usb-2d-ds2208\/\",\"name\":\"Czytnik kod\u00f3w kreskowych Zebra USB 2D DS2208 - Kompleksowa Obs\u0142uga Informatyczna.\",\"isPartOf\":{\"@id\":\"https:\/\/pomocit.pro\/#website\"},\"primaryImageOfPage\":{\"@id\":\"https:\/\/pomocit.pro\/index.php\/produkt\/czytnik-kodow-kreskowych-zebra-usb-2d-ds2208\/#primaryimage\"},\"image\":{\"@id\":\"https:\/\/pomocit.pro\/index.php\/produkt\/czytnik-kodow-kreskowych-zebra-usb-2d-ds2208\/#primaryimage\"},\"thumbnailUrl\":\"https:\/\/pomocit.pro\/wp-content\/uploads\/2025\/10\/skaner-zebra-ds2208-w-podstawce-jpg.jpg\",\"datePublished\":\"2025-10-15T19:37:31+00:00\",\"dateModified\":\"2025-10-16T04:17:31+00:00\",\"description\":\"Szybki skaner kod\u00f3w 2D Odczyt kod\u00f3w z ekranu telefonu\",\"breadcrumb\":{\"@id\":\"https:\/\/pomocit.pro\/index.php\/produkt\/czytnik-kodow-kreskowych-zebra-usb-2d-ds2208\/#breadcrumb\"},\"inLanguage\":\"pl-PL\",\"potentialAction\":[{\"@type\":\"ReadAction\",\"target\":[\"https:\/\/pomocit.pro\/index.php\/produkt\/czytnik-kodow-kreskowych-zebra-usb-2d-ds2208\/\"]}]},{\"@type\":\"ImageObject\",\"inLanguage\":\"pl-PL\",\"@id\":\"https:\/\/pomocit.pro\/index.php\/produkt\/czytnik-kodow-kreskowych-zebra-usb-2d-ds2208\/#primaryimage\",\"url\":\"https:\/\/pomocit.pro\/wp-content\/uploads\/2025\/10\/skaner-zebra-ds2208-w-podstawce-jpg.jpg\",\"contentUrl\":\"https:\/\/pomocit.pro\/wp-content\/uploads\/2025\/10\/skaner-zebra-ds2208-w-podstawce-jpg.jpg\",\"width\":327,\"height\":327},{\"@type\":\"BreadcrumbList\",\"@id\":\"https:\/\/pomocit.pro\/index.php\/produkt\/czytnik-kodow-kreskowych-zebra-usb-2d-ds2208\/#breadcrumb\",\"itemListElement\":[{\"@type\":\"ListItem\",\"position\":1,\"name\":\"Strona g\u0142\u00f3wna\",\"item\":\"https:\/\/pomocit.pro\/\"},{\"@type\":\"ListItem\",\"position\":2,\"name\":\"Sklep\",\"item\":\"https:\/\/pomocit.pro\/index.php\/sklep\/\"},{\"@type\":\"ListItem\",\"position\":3,\"name\":\"Czytnik kod\u00f3w kreskowych Zebra USB 2D DS2208\"}]},{\"@type\":\"WebSite\",\"@id\":\"https:\/\/pomocit.pro\/#website\",\"url\":\"https:\/\/pomocit.pro\/\",\"name\":\"Kompleksowa Obs\u0142uga Informatyczna.\",\"description\":\"PomocIT.PRO | Pewno\u015b\u0107 i Bezpiecze\u0144stwo\",\"publisher\":{\"@id\":\"https:\/\/pomocit.pro\/#organization\"},\"potentialAction\":[{\"@type\":\"SearchAction\",\"target\":{\"@type\":\"EntryPoint\",\"urlTemplate\":\"https:\/\/pomocit.pro\/?s={search_term_string}\"},\"query-input\":{\"@type\":\"PropertyValueSpecification\",\"valueRequired\":true,\"valueName\":\"search_term_string\"}}],\"inLanguage\":\"pl-PL\"},{\"@type\":\"Organization\",\"@id\":\"https:\/\/pomocit.pro\/#organization\",\"name\":\"PomocIT.PRO pewno\u015b\u0107 i zaufanie\",\"url\":\"https:\/\/pomocit.pro\/\",\"logo\":{\"@type\":\"ImageObject\",\"inLanguage\":\"pl-PL\",\"@id\":\"https:\/\/pomocit.pro\/#\/schema\/logo\/image\/\",\"url\":\"https:\/\/pomocit.pro\/wp-content\/uploads\/2019\/10\/logo.strona.pomocit.png\",\"contentUrl\":\"https:\/\/pomocit.pro\/wp-content\/uploads\/2019\/10\/logo.strona.pomocit.png\",\"width\":2400,\"height\":800,\"caption\":\"PomocIT.PRO pewno\u015b\u0107 i zaufanie\"},\"image\":{\"@id\":\"https:\/\/pomocit.pro\/#\/schema\/logo\/image\/\"},\"sameAs\":[\"https:\/\/www.facebook.com\/pomocit.pro\/\"]}]}<\/script>\n<!-- \/ Yoast SEO plugin. -->","yoast_head_json":{"title":"Czytnik kod\u00f3w kreskowych Zebra USB 2D DS2208 - Kompleksowa Obs\u0142uga Informatyczna.","description":"Szybki skaner kod\u00f3w 2D Odczyt kod\u00f3w z ekranu telefonu","robots":{"index":"index","follow":"follow","max-snippet":"max-snippet:-1","max-image-preview":"max-image-preview:large","max-video-preview":"max-video-preview:-1"},"canonical":"https:\/\/pomocit.pro\/index.php\/produkt\/czytnik-kodow-kreskowych-zebra-usb-2d-ds2208\/","og_locale":"pl_PL","og_type":"article","og_title":"Czytnik kod\u00f3w kreskowych Zebra USB 2D DS2208 - Kompleksowa Obs\u0142uga Informatyczna.","og_description":"Szybki skaner kod\u00f3w 2D Odczyt kod\u00f3w z ekranu telefonu","og_url":"https:\/\/pomocit.pro\/index.php\/produkt\/czytnik-kodow-kreskowych-zebra-usb-2d-ds2208\/","og_site_name":"Kompleksowa Obs\u0142uga Informatyczna.","article_publisher":"https:\/\/www.facebook.com\/pomocit.pro\/","article_modified_time":"2025-10-16T04:17:31+00:00","og_image":[{"width":327,"height":327,"url":"https:\/\/pomocit.pro\/wp-content\/uploads\/2025\/10\/skaner-zebra-ds2208-w-podstawce-jpg.jpg","type":"image\/jpeg"}],"twitter_card":"summary_large_image","twitter_misc":{"Szacowany czas czytania":"1 minuta"},"schema":{"@context":"https:\/\/schema.org","@graph":[{"@type":"WebPage","@id":"https:\/\/pomocit.pro\/index.php\/produkt\/czytnik-kodow-kreskowych-zebra-usb-2d-ds2208\/","url":"https:\/\/pomocit.pro\/index.php\/produkt\/czytnik-kodow-kreskowych-zebra-usb-2d-ds2208\/","name":"Czytnik kod\u00f3w kreskowych Zebra USB 2D DS2208 - Kompleksowa Obs\u0142uga Informatyczna.","isPartOf":{"@id":"https:\/\/pomocit.pro\/#website"},"primaryImageOfPage":{"@id":"https:\/\/pomocit.pro\/index.php\/produkt\/czytnik-kodow-kreskowych-zebra-usb-2d-ds2208\/#primaryimage"},"image":{"@id":"https:\/\/pomocit.pro\/index.php\/produkt\/czytnik-kodow-kreskowych-zebra-usb-2d-ds2208\/#primaryimage"},"thumbnailUrl":"https:\/\/pomocit.pro\/wp-content\/uploads\/2025\/10\/skaner-zebra-ds2208-w-podstawce-jpg.jpg","datePublished":"2025-10-15T19:37:31+00:00","dateModified":"2025-10-16T04:17:31+00:00","description":"Szybki skaner kod\u00f3w 2D Odczyt kod\u00f3w z ekranu telefonu","breadcrumb":{"@id":"https:\/\/pomocit.pro\/index.php\/produkt\/czytnik-kodow-kreskowych-zebra-usb-2d-ds2208\/#breadcrumb"},"inLanguage":"pl-PL","potentialAction":[{"@type":"ReadAction","target":["https:\/\/pomocit.pro\/index.php\/produkt\/czytnik-kodow-kreskowych-zebra-usb-2d-ds2208\/"]}]},{"@type":"ImageObject","inLanguage":"pl-PL","@id":"https:\/\/pomocit.pro\/index.php\/produkt\/czytnik-kodow-kreskowych-zebra-usb-2d-ds2208\/#primaryimage","url":"https:\/\/pomocit.pro\/wp-content\/uploads\/2025\/10\/skaner-zebra-ds2208-w-podstawce-jpg.jpg","contentUrl":"https:\/\/pomocit.pro\/wp-content\/uploads\/2025\/10\/skaner-zebra-ds2208-w-podstawce-jpg.jpg","width":327,"height":327},{"@type":"BreadcrumbList","@id":"https:\/\/pomocit.pro\/index.php\/produkt\/czytnik-kodow-kreskowych-zebra-usb-2d-ds2208\/#breadcrumb","itemListElement":[{"@type":"ListItem","position":1,"name":"Strona g\u0142\u00f3wna","item":"https:\/\/pomocit.pro\/"},{"@type":"ListItem","position":2,"name":"Sklep","item":"https:\/\/pomocit.pro\/index.php\/sklep\/"},{"@type":"ListItem","position":3,"name":"Czytnik kod\u00f3w kreskowych Zebra USB 2D DS2208"}]},{"@type":"WebSite","@id":"https:\/\/pomocit.pro\/#website","url":"https:\/\/pomocit.pro\/","name":"Kompleksowa Obs\u0142uga Informatyczna.","description":"PomocIT.PRO | Pewno\u015b\u0107 i Bezpiecze\u0144stwo","publisher":{"@id":"https:\/\/pomocit.pro\/#organization"},"potentialAction":[{"@type":"SearchAction","target":{"@type":"EntryPoint","urlTemplate":"https:\/\/pomocit.pro\/?s={search_term_string}"},"query-input":{"@type":"PropertyValueSpecification","valueRequired":true,"valueName":"search_term_string"}}],"inLanguage":"pl-PL"},{"@type":"Organization","@id":"https:\/\/pomocit.pro\/#organization","name":"PomocIT.PRO pewno\u015b\u0107 i zaufanie","url":"https:\/\/pomocit.pro\/","logo":{"@type":"ImageObject","inLanguage":"pl-PL","@id":"https:\/\/pomocit.pro\/#\/schema\/logo\/image\/","url":"https:\/\/pomocit.pro\/wp-content\/uploads\/2019\/10\/logo.strona.pomocit.png","contentUrl":"https:\/\/pomocit.pro\/wp-content\/uploads\/2019\/10\/logo.strona.pomocit.png","width":2400,"height":800,"caption":"PomocIT.PRO pewno\u015b\u0107 i zaufanie"},"image":{"@id":"https:\/\/pomocit.pro\/#\/schema\/logo\/image\/"},"sameAs":["https:\/\/www.facebook.com\/pomocit.pro\/"]}]}},"jetpack_sharing_enabled":true,"_links":{"self":[{"href":"https:\/\/pomocit.pro\/index.php\/wp-json\/wp\/v2\/product\/827","targetHints":{"allow":["GET"]}}],"collection":[{"href":"https:\/\/pomocit.pro\/index.php\/wp-json\/wp\/v2\/product"}],"about":[{"href":"https:\/\/pomocit.pro\/index.php\/wp-json\/wp\/v2\/types\/product"}],"replies":[{"embeddable":true,"href":"https:\/\/pomocit.pro\/index.php\/wp-json\/wp\/v2\/comments?post=827"}],"wp:featuredmedia":[{"embeddable":true,"href":"https:\/\/pomocit.pro\/index.php\/wp-json\/wp\/v2\/media\/829"}],"wp:attachment":[{"href":"https:\/\/pomocit.pro\/index.php\/wp-json\/wp\/v2\/media?parent=827"}],"wp:term":[{"taxonomy":"product_brand","embeddable":true,"href":"https:\/\/pomocit.pro\/index.php\/wp-json\/wp\/v2\/product_brand?post=827"},{"taxonomy":"product_cat","embeddable":true,"href":"https:\/\/pomocit.pro\/index.php\/wp-json\/wp\/v2\/product_cat?post=827"},{"taxonomy":"product_tag","embeddable":true,"href":"https:\/\/pomocit.pro\/index.php\/wp-json\/wp\/v2\/product_tag?post=827"}],"curies":[{"name":"wp","href":"https:\/\/api.w.org\/{rel}","templated":true}]}}