{"id":821,"date":"2025-10-15T20:41:53","date_gmt":"2025-10-15T18:41:53","guid":{"rendered":"https:\/\/pomocit.pro\/?post_type=product&#038;p=821"},"modified":"2026-02-22T08:44:52","modified_gmt":"2026-02-22T07:44:52","slug":"czytnik-kodow-kreskowych-datalogic-usb-1d-qd2220","status":"publish","type":"product","link":"https:\/\/pomocit.pro\/index.php\/produkt\/czytnik-kodow-kreskowych-datalogic-usb-1d-qd2220\/","title":{"rendered":"Czytnik kod\u00f3w kreskowych Datalogic USB 1D QD2220"},"content":{"rendered":"<p>TECHNOLOGIA DOSTOSOWANEGO OBRAZOWANIA LINIOWEGO<\/p>\n<p>Obecnie obserwuje si\u0119 rosn\u0105c\u0105 popularno\u015b\u0107 kod\u00f3w kreskowych 2D, jednak kody liniowe (1D) nadal s\u0105 powszechnie stosowane w aplikacjach punkt\u00f3w sprzeda\u017cy (POS) w handlu detalicznym. D\u0142ugie kody kreskowe s\u0105 r\u00f3wnie\u017c cz\u0119sto wykorzystywane w r\u00f3\u017cnych zastosowaniach, takich jak rachunki za media, przetwarzanie dokument\u00f3w czy opakowania. Te d\u0142ugie kody stanowi\u0105 wyzwanie dla skaner\u00f3w obszarowych ze wzgl\u0119du na ich w\u0105skie pole widzenia i mniejsz\u0105 g\u0142\u0119bi\u0119 ostro\u015bci.<\/p>\n<p>NAJSZYBSZA REAKCJA W PUNKCIE SPRZEDA\u017bY (POS)<\/p>\n<p>Skaner QuickScan QD2200 to podstawowy, przewodowy skaner obrazuj\u0105cy 1D firmy Datalogic, oferuj\u0105cy znakomit\u0105 wydajno\u015b\u0107 skanowania w swojej kategorii. Bezproblemowo odczytuje ka\u017cdy rodzaj kodu kreskowego 1D, zar\u00f3wno z bliska, jak i z wi\u0119kszej odleg\u0142o\u015bci, z \u0142atwo\u015bci\u0105 przechwytuj\u0105c nawet d\u0142ugie kody.<\/p>\n<p>W przeciwie\u0144stwie do innych urz\u0105dze\u0144 dost\u0119pnych na rynku, ten skaner daje pe\u0142n\u0105 kontrol\u0119 operatorowi \u2013 od celowania liniowego po najszybsze wizualne i d\u017awi\u0119kowe potwierdzenie poprawnego odczytu. Bezproblemowo odczytuje kody przez przeszkody z pleksiglasu i skanuje kupon\u00f3w elektronicznych z ekran\u00f3w smartfon\u00f3w, wszystko w niezwykle przyst\u0119pnej cenie.<\/p>\n<p>WYGODA I NIEZAWODNO\u015a\u0106<\/p>\n<p>Lekki i \u0142atwy w obs\u0142udze skaner QuickScan QD2200 reaguje natychmiast po naci\u015bni\u0119ciu spustu, oferuj\u0105c wyj\u0105tkow\u0105 wytrzyma\u0142o\u015b\u0107 jak na t\u0119 klas\u0119 produkt\u00f3w, gdzie urz\u0105dzenie jest cz\u0119sto intensywnie eksploatowane, dzi\u0119ki precyzyjnemu projektowaniu i wysokiej jako\u015bci komponentom.<\/p>\n<p>Dzi\u0119ki prostemu konfigurowaniu i \u0142atwo\u015bci u\u017cytkowania, ten solidny skaner klasy podstawowej zapewnia ci\u0105g\u0142\u0105 prac\u0119 bez awarii. Wreszcie, skaner QuickScan QD2200 okazuje si\u0119 najlepszym wyborem na d\u0142u\u017csz\u0105 met\u0119, redukuj\u0105c przestoje, czas zwi\u0105zany z nieodczytami\/b\u0142\u0119dnymi odczytami oraz koszty serwisowe.<\/p>\n","protected":false},"excerpt":{"rendered":"<p>TECHNOLOGIA DOSTOSOWANEGO OBRAZOWANIA LINIOWEGO Obecnie obserwuje si\u0119 rosn\u0105c\u0105 popularno\u015b\u0107 kod\u00f3w kreskowych 2D, jednak kody liniowe (1D) nadal s\u0105 powszechnie stosowane w aplikacjach punkt\u00f3w sprzeda\u017cy (POS) w handlu detalicznym. D\u0142ugie kody kreskowe s\u0105 r\u00f3wnie\u017c cz\u0119sto wykorzystywane w r\u00f3\u017cnych zastosowaniach, takich jak rachunki za media, przetwarzanie dokument\u00f3w czy opakowania. Te d\u0142ugie kody stanowi\u0105 wyzwanie dla skaner\u00f3w obszarowych&hellip;&nbsp;<a href=\"https:\/\/pomocit.pro\/index.php\/produkt\/czytnik-kodow-kreskowych-datalogic-usb-1d-qd2220\/\" rel=\"bookmark\">Dowiedz si\u0119 wi\u0119cej &raquo;<span class=\"screen-reader-text\">Czytnik kod\u00f3w kreskowych Datalogic USB 1D QD2220<\/span><\/a><\/p>\n","protected":false},"featured_media":824,"comment_status":"open","ping_status":"closed","template":"","meta":{"inline_featured_image":false,"neve_meta_sidebar":"","neve_meta_container":"","neve_meta_enable_content_width":"off","neve_meta_content_width":100,"neve_meta_title_alignment":"","neve_meta_author_avatar":"","neve_post_elements_order":"","neve_meta_disable_header":"","neve_meta_disable_footer":"","neve_meta_disable_title":""},"product_brand":[],"product_cat":[27],"product_tag":[],"class_list":{"0":"post-821","1":"product","2":"type-product","3":"status-publish","4":"has-post-thumbnail","6":"product_cat-ck","8":"first","9":"instock","10":"taxable","11":"shipping-taxable","12":"purchasable","13":"product-type-simple"},"yoast_head":"<!-- This site is optimized with the Yoast SEO plugin v23.4 - https:\/\/yoast.com\/wordpress\/plugins\/seo\/ -->\n<title>Czytnik kod\u00f3w kreskowych Datalogic USB 1D QD2220 - Kompleksowa Obs\u0142uga Informatyczna.<\/title>\n<meta name=\"robots\" content=\"index, follow, max-snippet:-1, max-image-preview:large, max-video-preview:-1\" \/>\n<link rel=\"canonical\" href=\"https:\/\/pomocit.pro\/index.php\/produkt\/czytnik-kodow-kreskowych-datalogic-usb-1d-qd2220\/\" \/>\n<meta property=\"og:locale\" content=\"pl_PL\" \/>\n<meta property=\"og:type\" content=\"article\" \/>\n<meta property=\"og:title\" content=\"Czytnik kod\u00f3w kreskowych Datalogic USB 1D QD2220 - Kompleksowa Obs\u0142uga Informatyczna.\" \/>\n<meta property=\"og:description\" content=\"TECHNOLOGIA DOSTOSOWANEGO OBRAZOWANIA LINIOWEGO Obecnie obserwuje si\u0119 rosn\u0105c\u0105 popularno\u015b\u0107 kod\u00f3w kreskowych 2D, jednak kody liniowe (1D) nadal s\u0105 powszechnie stosowane w aplikacjach punkt\u00f3w sprzeda\u017cy (POS) w handlu detalicznym. D\u0142ugie kody kreskowe s\u0105 r\u00f3wnie\u017c cz\u0119sto wykorzystywane w r\u00f3\u017cnych zastosowaniach, takich jak rachunki za media, przetwarzanie dokument\u00f3w czy opakowania. Te d\u0142ugie kody stanowi\u0105 wyzwanie dla skaner\u00f3w obszarowych&hellip;&nbsp;Dowiedz si\u0119 wi\u0119cej &raquo;Czytnik kod\u00f3w kreskowych Datalogic USB 1D QD2220\" \/>\n<meta property=\"og:url\" content=\"https:\/\/pomocit.pro\/index.php\/produkt\/czytnik-kodow-kreskowych-datalogic-usb-1d-qd2220\/\" \/>\n<meta property=\"og:site_name\" content=\"Kompleksowa Obs\u0142uga Informatyczna.\" \/>\n<meta property=\"article:publisher\" content=\"https:\/\/www.facebook.com\/pomocit.pro\/\" \/>\n<meta property=\"article:modified_time\" content=\"2026-02-22T07:44:52+00:00\" \/>\n<meta property=\"og:image\" content=\"https:\/\/pomocit.pro\/wp-content\/uploads\/2025\/10\/plp-quickscan-qd2200-black-left-facing-upright-hr-jpg.jpg\" \/>\n\t<meta property=\"og:image:width\" content=\"303\" \/>\n\t<meta property=\"og:image:height\" content=\"327\" \/>\n\t<meta property=\"og:image:type\" content=\"image\/jpeg\" \/>\n<meta name=\"twitter:card\" content=\"summary_large_image\" \/>\n<meta name=\"twitter:label1\" content=\"Szacowany czas czytania\" \/>\n\t<meta name=\"twitter:data1\" content=\"2 minuty\" \/>\n<script type=\"application\/ld+json\" class=\"yoast-schema-graph\">{\"@context\":\"https:\/\/schema.org\",\"@graph\":[{\"@type\":\"WebPage\",\"@id\":\"https:\/\/pomocit.pro\/index.php\/produkt\/czytnik-kodow-kreskowych-datalogic-usb-1d-qd2220\/\",\"url\":\"https:\/\/pomocit.pro\/index.php\/produkt\/czytnik-kodow-kreskowych-datalogic-usb-1d-qd2220\/\",\"name\":\"Czytnik kod\u00f3w kreskowych Datalogic USB 1D QD2220 - Kompleksowa Obs\u0142uga Informatyczna.\",\"isPartOf\":{\"@id\":\"https:\/\/pomocit.pro\/#website\"},\"primaryImageOfPage\":{\"@id\":\"https:\/\/pomocit.pro\/index.php\/produkt\/czytnik-kodow-kreskowych-datalogic-usb-1d-qd2220\/#primaryimage\"},\"image\":{\"@id\":\"https:\/\/pomocit.pro\/index.php\/produkt\/czytnik-kodow-kreskowych-datalogic-usb-1d-qd2220\/#primaryimage\"},\"thumbnailUrl\":\"https:\/\/pomocit.pro\/wp-content\/uploads\/2025\/10\/plp-quickscan-qd2200-black-left-facing-upright-hr-jpg.jpg\",\"datePublished\":\"2025-10-15T18:41:53+00:00\",\"dateModified\":\"2026-02-22T07:44:52+00:00\",\"breadcrumb\":{\"@id\":\"https:\/\/pomocit.pro\/index.php\/produkt\/czytnik-kodow-kreskowych-datalogic-usb-1d-qd2220\/#breadcrumb\"},\"inLanguage\":\"pl-PL\",\"potentialAction\":[{\"@type\":\"ReadAction\",\"target\":[\"https:\/\/pomocit.pro\/index.php\/produkt\/czytnik-kodow-kreskowych-datalogic-usb-1d-qd2220\/\"]}]},{\"@type\":\"ImageObject\",\"inLanguage\":\"pl-PL\",\"@id\":\"https:\/\/pomocit.pro\/index.php\/produkt\/czytnik-kodow-kreskowych-datalogic-usb-1d-qd2220\/#primaryimage\",\"url\":\"https:\/\/pomocit.pro\/wp-content\/uploads\/2025\/10\/plp-quickscan-qd2200-black-left-facing-upright-hr-jpg.jpg\",\"contentUrl\":\"https:\/\/pomocit.pro\/wp-content\/uploads\/2025\/10\/plp-quickscan-qd2200-black-left-facing-upright-hr-jpg.jpg\",\"width\":303,\"height\":327},{\"@type\":\"BreadcrumbList\",\"@id\":\"https:\/\/pomocit.pro\/index.php\/produkt\/czytnik-kodow-kreskowych-datalogic-usb-1d-qd2220\/#breadcrumb\",\"itemListElement\":[{\"@type\":\"ListItem\",\"position\":1,\"name\":\"Strona g\u0142\u00f3wna\",\"item\":\"https:\/\/pomocit.pro\/\"},{\"@type\":\"ListItem\",\"position\":2,\"name\":\"Sklep\",\"item\":\"https:\/\/pomocit.pro\/index.php\/sklep\/\"},{\"@type\":\"ListItem\",\"position\":3,\"name\":\"Czytnik kod\u00f3w kreskowych Datalogic USB 1D QD2220\"}]},{\"@type\":\"WebSite\",\"@id\":\"https:\/\/pomocit.pro\/#website\",\"url\":\"https:\/\/pomocit.pro\/\",\"name\":\"Kompleksowa Obs\u0142uga Informatyczna.\",\"description\":\"PomocIT.PRO | Pewno\u015b\u0107 i Bezpiecze\u0144stwo\",\"publisher\":{\"@id\":\"https:\/\/pomocit.pro\/#organization\"},\"potentialAction\":[{\"@type\":\"SearchAction\",\"target\":{\"@type\":\"EntryPoint\",\"urlTemplate\":\"https:\/\/pomocit.pro\/?s={search_term_string}\"},\"query-input\":{\"@type\":\"PropertyValueSpecification\",\"valueRequired\":true,\"valueName\":\"search_term_string\"}}],\"inLanguage\":\"pl-PL\"},{\"@type\":\"Organization\",\"@id\":\"https:\/\/pomocit.pro\/#organization\",\"name\":\"PomocIT.PRO pewno\u015b\u0107 i zaufanie\",\"url\":\"https:\/\/pomocit.pro\/\",\"logo\":{\"@type\":\"ImageObject\",\"inLanguage\":\"pl-PL\",\"@id\":\"https:\/\/pomocit.pro\/#\/schema\/logo\/image\/\",\"url\":\"https:\/\/pomocit.pro\/wp-content\/uploads\/2019\/10\/logo.strona.pomocit.png\",\"contentUrl\":\"https:\/\/pomocit.pro\/wp-content\/uploads\/2019\/10\/logo.strona.pomocit.png\",\"width\":2400,\"height\":800,\"caption\":\"PomocIT.PRO pewno\u015b\u0107 i zaufanie\"},\"image\":{\"@id\":\"https:\/\/pomocit.pro\/#\/schema\/logo\/image\/\"},\"sameAs\":[\"https:\/\/www.facebook.com\/pomocit.pro\/\"]}]}<\/script>\n<!-- \/ Yoast SEO plugin. -->","yoast_head_json":{"title":"Czytnik kod\u00f3w kreskowych Datalogic USB 1D QD2220 - Kompleksowa Obs\u0142uga Informatyczna.","robots":{"index":"index","follow":"follow","max-snippet":"max-snippet:-1","max-image-preview":"max-image-preview:large","max-video-preview":"max-video-preview:-1"},"canonical":"https:\/\/pomocit.pro\/index.php\/produkt\/czytnik-kodow-kreskowych-datalogic-usb-1d-qd2220\/","og_locale":"pl_PL","og_type":"article","og_title":"Czytnik kod\u00f3w kreskowych Datalogic USB 1D QD2220 - Kompleksowa Obs\u0142uga Informatyczna.","og_description":"TECHNOLOGIA DOSTOSOWANEGO OBRAZOWANIA LINIOWEGO Obecnie obserwuje si\u0119 rosn\u0105c\u0105 popularno\u015b\u0107 kod\u00f3w kreskowych 2D, jednak kody liniowe (1D) nadal s\u0105 powszechnie stosowane w aplikacjach punkt\u00f3w sprzeda\u017cy (POS) w handlu detalicznym. D\u0142ugie kody kreskowe s\u0105 r\u00f3wnie\u017c cz\u0119sto wykorzystywane w r\u00f3\u017cnych zastosowaniach, takich jak rachunki za media, przetwarzanie dokument\u00f3w czy opakowania. Te d\u0142ugie kody stanowi\u0105 wyzwanie dla skaner\u00f3w obszarowych&hellip;&nbsp;Dowiedz si\u0119 wi\u0119cej &raquo;Czytnik kod\u00f3w kreskowych Datalogic USB 1D QD2220","og_url":"https:\/\/pomocit.pro\/index.php\/produkt\/czytnik-kodow-kreskowych-datalogic-usb-1d-qd2220\/","og_site_name":"Kompleksowa Obs\u0142uga Informatyczna.","article_publisher":"https:\/\/www.facebook.com\/pomocit.pro\/","article_modified_time":"2026-02-22T07:44:52+00:00","og_image":[{"width":303,"height":327,"url":"https:\/\/pomocit.pro\/wp-content\/uploads\/2025\/10\/plp-quickscan-qd2200-black-left-facing-upright-hr-jpg.jpg","type":"image\/jpeg"}],"twitter_card":"summary_large_image","twitter_misc":{"Szacowany czas czytania":"2 minuty"},"schema":{"@context":"https:\/\/schema.org","@graph":[{"@type":"WebPage","@id":"https:\/\/pomocit.pro\/index.php\/produkt\/czytnik-kodow-kreskowych-datalogic-usb-1d-qd2220\/","url":"https:\/\/pomocit.pro\/index.php\/produkt\/czytnik-kodow-kreskowych-datalogic-usb-1d-qd2220\/","name":"Czytnik kod\u00f3w kreskowych Datalogic USB 1D QD2220 - Kompleksowa Obs\u0142uga Informatyczna.","isPartOf":{"@id":"https:\/\/pomocit.pro\/#website"},"primaryImageOfPage":{"@id":"https:\/\/pomocit.pro\/index.php\/produkt\/czytnik-kodow-kreskowych-datalogic-usb-1d-qd2220\/#primaryimage"},"image":{"@id":"https:\/\/pomocit.pro\/index.php\/produkt\/czytnik-kodow-kreskowych-datalogic-usb-1d-qd2220\/#primaryimage"},"thumbnailUrl":"https:\/\/pomocit.pro\/wp-content\/uploads\/2025\/10\/plp-quickscan-qd2200-black-left-facing-upright-hr-jpg.jpg","datePublished":"2025-10-15T18:41:53+00:00","dateModified":"2026-02-22T07:44:52+00:00","breadcrumb":{"@id":"https:\/\/pomocit.pro\/index.php\/produkt\/czytnik-kodow-kreskowych-datalogic-usb-1d-qd2220\/#breadcrumb"},"inLanguage":"pl-PL","potentialAction":[{"@type":"ReadAction","target":["https:\/\/pomocit.pro\/index.php\/produkt\/czytnik-kodow-kreskowych-datalogic-usb-1d-qd2220\/"]}]},{"@type":"ImageObject","inLanguage":"pl-PL","@id":"https:\/\/pomocit.pro\/index.php\/produkt\/czytnik-kodow-kreskowych-datalogic-usb-1d-qd2220\/#primaryimage","url":"https:\/\/pomocit.pro\/wp-content\/uploads\/2025\/10\/plp-quickscan-qd2200-black-left-facing-upright-hr-jpg.jpg","contentUrl":"https:\/\/pomocit.pro\/wp-content\/uploads\/2025\/10\/plp-quickscan-qd2200-black-left-facing-upright-hr-jpg.jpg","width":303,"height":327},{"@type":"BreadcrumbList","@id":"https:\/\/pomocit.pro\/index.php\/produkt\/czytnik-kodow-kreskowych-datalogic-usb-1d-qd2220\/#breadcrumb","itemListElement":[{"@type":"ListItem","position":1,"name":"Strona g\u0142\u00f3wna","item":"https:\/\/pomocit.pro\/"},{"@type":"ListItem","position":2,"name":"Sklep","item":"https:\/\/pomocit.pro\/index.php\/sklep\/"},{"@type":"ListItem","position":3,"name":"Czytnik kod\u00f3w kreskowych Datalogic USB 1D QD2220"}]},{"@type":"WebSite","@id":"https:\/\/pomocit.pro\/#website","url":"https:\/\/pomocit.pro\/","name":"Kompleksowa Obs\u0142uga Informatyczna.","description":"PomocIT.PRO | Pewno\u015b\u0107 i Bezpiecze\u0144stwo","publisher":{"@id":"https:\/\/pomocit.pro\/#organization"},"potentialAction":[{"@type":"SearchAction","target":{"@type":"EntryPoint","urlTemplate":"https:\/\/pomocit.pro\/?s={search_term_string}"},"query-input":{"@type":"PropertyValueSpecification","valueRequired":true,"valueName":"search_term_string"}}],"inLanguage":"pl-PL"},{"@type":"Organization","@id":"https:\/\/pomocit.pro\/#organization","name":"PomocIT.PRO pewno\u015b\u0107 i zaufanie","url":"https:\/\/pomocit.pro\/","logo":{"@type":"ImageObject","inLanguage":"pl-PL","@id":"https:\/\/pomocit.pro\/#\/schema\/logo\/image\/","url":"https:\/\/pomocit.pro\/wp-content\/uploads\/2019\/10\/logo.strona.pomocit.png","contentUrl":"https:\/\/pomocit.pro\/wp-content\/uploads\/2019\/10\/logo.strona.pomocit.png","width":2400,"height":800,"caption":"PomocIT.PRO pewno\u015b\u0107 i zaufanie"},"image":{"@id":"https:\/\/pomocit.pro\/#\/schema\/logo\/image\/"},"sameAs":["https:\/\/www.facebook.com\/pomocit.pro\/"]}]}},"jetpack_sharing_enabled":true,"_links":{"self":[{"href":"https:\/\/pomocit.pro\/index.php\/wp-json\/wp\/v2\/product\/821","targetHints":{"allow":["GET"]}}],"collection":[{"href":"https:\/\/pomocit.pro\/index.php\/wp-json\/wp\/v2\/product"}],"about":[{"href":"https:\/\/pomocit.pro\/index.php\/wp-json\/wp\/v2\/types\/product"}],"replies":[{"embeddable":true,"href":"https:\/\/pomocit.pro\/index.php\/wp-json\/wp\/v2\/comments?post=821"}],"wp:featuredmedia":[{"embeddable":true,"href":"https:\/\/pomocit.pro\/index.php\/wp-json\/wp\/v2\/media\/824"}],"wp:attachment":[{"href":"https:\/\/pomocit.pro\/index.php\/wp-json\/wp\/v2\/media?parent=821"}],"wp:term":[{"taxonomy":"product_brand","embeddable":true,"href":"https:\/\/pomocit.pro\/index.php\/wp-json\/wp\/v2\/product_brand?post=821"},{"taxonomy":"product_cat","embeddable":true,"href":"https:\/\/pomocit.pro\/index.php\/wp-json\/wp\/v2\/product_cat?post=821"},{"taxonomy":"product_tag","embeddable":true,"href":"https:\/\/pomocit.pro\/index.php\/wp-json\/wp\/v2\/product_tag?post=821"}],"curies":[{"name":"wp","href":"https:\/\/api.w.org\/{rel}","templated":true}]}}