{"id":55,"date":"2019-10-13T08:34:05","date_gmt":"2019-10-13T06:34:05","guid":{"rendered":"https:\/\/pomocit.pro\/?page_id=55"},"modified":"2022-11-11T22:02:08","modified_gmt":"2022-11-11T21:02:08","slug":"kontakt","status":"publish","type":"page","link":"https:\/\/pomocit.pro\/index.php\/kontakt\/","title":{"rendered":"Kontakt"},"content":{"rendered":"\n<h2 class=\"wp-block-heading\">telefoniczny:<\/h2>\n\n\n\n<p>dzia\u0142 handlowy: 504 203 177<\/p>\n\n\n\n<p>serwis: 504 203 110<\/p>\n\n\n\n<h2 class=\"wp-block-heading\">email:<\/h2>\n\n\n\n<p>dzia\u0142 handlowy: <strong><em>handel@pomocit.pro<\/em><\/strong><\/p>\n\n\n\n<p>serwis: <strong><em>serwis@pomocit.pro<\/em><\/strong><\/p>\n\n\n\n<h2 class=\"wp-block-heading\">adres:<\/h2>\n\n\n\n<p> Ko\u0144cowa 10\/26<\/p>\n\n\n\n<p> 87-100 Toru\u0144 <\/p>\n\n\n\n<p>woj. kujawsko-pomorskie  <\/p>\n\n\n\n<iframe src=\"https:\/\/www.google.com\/maps\/embed?pb=!1m18!1m12!1m3!1d2399.791394055002!2d18.591811615826323!3d53.02411287991278!2m3!1f0!2f0!3f0!3m2!1i1024!2i768!4f13.1!3m3!1m2!1s0x470334f9c190b35d%3A0xad7e0a5ea6941717!2zS2_FhGNvd2EgMTAsIDg3LTEwMCBUb3J1xYQ!5e0!3m2!1spl!2spl!4v1576829307237!5m2!1spl!2spl\" width=\"400\" height=\"300\" frameborder=\"0\" style=\"border:0;\" allowfullscreen=\"\"><\/iframe>\n","protected":false},"excerpt":{"rendered":"<p>telefoniczny: dzia\u0142 handlowy: 504 203 177 serwis: 504 203 110 email: dzia\u0142 handlowy: handel@pomocit.pro serwis: serwis@pomocit.pro adres: Ko\u0144cowa 10\/26 87-100 Toru\u0144 woj. kujawsko-pomorskie<\/p>\n","protected":false},"author":1,"featured_media":0,"parent":0,"menu_order":0,"comment_status":"closed","ping_status":"closed","template":"","meta":{"inline_featured_image":false,"neve_meta_sidebar":"","neve_meta_container":"","neve_meta_enable_content_width":"","neve_meta_content_width":0,"neve_meta_title_alignment":"","neve_meta_author_avatar":"","neve_post_elements_order":"","neve_meta_disable_header":"","neve_meta_disable_footer":"","neve_meta_disable_title":"","footnotes":""},"class_list":["post-55","page","type-page","status-publish","hentry"],"yoast_head":"<!-- This site is optimized with the Yoast SEO plugin v23.4 - https:\/\/yoast.com\/wordpress\/plugins\/seo\/ -->\n<title>Kontakt - Kompleksowa Obs\u0142uga Informatyczna.<\/title>\n<meta name=\"robots\" content=\"index, follow, max-snippet:-1, max-image-preview:large, max-video-preview:-1\" \/>\n<link rel=\"canonical\" href=\"https:\/\/pomocit.pro\/index.php\/kontakt\/\" \/>\n<meta property=\"og:locale\" content=\"pl_PL\" \/>\n<meta property=\"og:type\" content=\"article\" \/>\n<meta property=\"og:title\" content=\"Kontakt - Kompleksowa Obs\u0142uga Informatyczna.\" \/>\n<meta property=\"og:description\" content=\"telefoniczny: dzia\u0142 handlowy: 504 203 177 serwis: 504 203 110 email: dzia\u0142 handlowy: handel@pomocit.pro serwis: serwis@pomocit.pro adres: Ko\u0144cowa 10\/26 87-100 Toru\u0144 woj. kujawsko-pomorskie\" \/>\n<meta property=\"og:url\" content=\"https:\/\/pomocit.pro\/index.php\/kontakt\/\" \/>\n<meta property=\"og:site_name\" content=\"Kompleksowa Obs\u0142uga Informatyczna.\" \/>\n<meta property=\"article:publisher\" content=\"https:\/\/www.facebook.com\/pomocit.pro\/\" \/>\n<meta property=\"article:modified_time\" content=\"2022-11-11T21:02:08+00:00\" \/>\n<meta name=\"twitter:card\" content=\"summary_large_image\" \/>\n<meta name=\"twitter:label1\" content=\"Szacowany czas czytania\" \/>\n\t<meta name=\"twitter:data1\" content=\"1 minuta\" \/>\n<script type=\"application\/ld+json\" class=\"yoast-schema-graph\">{\"@context\":\"https:\/\/schema.org\",\"@graph\":[{\"@type\":\"WebPage\",\"@id\":\"https:\/\/pomocit.pro\/index.php\/kontakt\/\",\"url\":\"https:\/\/pomocit.pro\/index.php\/kontakt\/\",\"name\":\"Kontakt - Kompleksowa Obs\u0142uga Informatyczna.\",\"isPartOf\":{\"@id\":\"https:\/\/pomocit.pro\/#website\"},\"datePublished\":\"2019-10-13T06:34:05+00:00\",\"dateModified\":\"2022-11-11T21:02:08+00:00\",\"breadcrumb\":{\"@id\":\"https:\/\/pomocit.pro\/index.php\/kontakt\/#breadcrumb\"},\"inLanguage\":\"pl-PL\",\"potentialAction\":[{\"@type\":\"ReadAction\",\"target\":[\"https:\/\/pomocit.pro\/index.php\/kontakt\/\"]}]},{\"@type\":\"BreadcrumbList\",\"@id\":\"https:\/\/pomocit.pro\/index.php\/kontakt\/#breadcrumb\",\"itemListElement\":[{\"@type\":\"ListItem\",\"position\":1,\"name\":\"Strona g\u0142\u00f3wna\",\"item\":\"https:\/\/pomocit.pro\/\"},{\"@type\":\"ListItem\",\"position\":2,\"name\":\"Kontakt\"}]},{\"@type\":\"WebSite\",\"@id\":\"https:\/\/pomocit.pro\/#website\",\"url\":\"https:\/\/pomocit.pro\/\",\"name\":\"Kompleksowa Obs\u0142uga Informatyczna.\",\"description\":\"PomocIT.PRO | Pewno\u015b\u0107 i Bezpiecze\u0144stwo\",\"publisher\":{\"@id\":\"https:\/\/pomocit.pro\/#organization\"},\"potentialAction\":[{\"@type\":\"SearchAction\",\"target\":{\"@type\":\"EntryPoint\",\"urlTemplate\":\"https:\/\/pomocit.pro\/?s={search_term_string}\"},\"query-input\":{\"@type\":\"PropertyValueSpecification\",\"valueRequired\":true,\"valueName\":\"search_term_string\"}}],\"inLanguage\":\"pl-PL\"},{\"@type\":\"Organization\",\"@id\":\"https:\/\/pomocit.pro\/#organization\",\"name\":\"PomocIT.PRO pewno\u015b\u0107 i zaufanie\",\"url\":\"https:\/\/pomocit.pro\/\",\"logo\":{\"@type\":\"ImageObject\",\"inLanguage\":\"pl-PL\",\"@id\":\"https:\/\/pomocit.pro\/#\/schema\/logo\/image\/\",\"url\":\"https:\/\/pomocit.pro\/wp-content\/uploads\/2019\/10\/logo.strona.pomocit.png\",\"contentUrl\":\"https:\/\/pomocit.pro\/wp-content\/uploads\/2019\/10\/logo.strona.pomocit.png\",\"width\":2400,\"height\":800,\"caption\":\"PomocIT.PRO pewno\u015b\u0107 i zaufanie\"},\"image\":{\"@id\":\"https:\/\/pomocit.pro\/#\/schema\/logo\/image\/\"},\"sameAs\":[\"https:\/\/www.facebook.com\/pomocit.pro\/\"]}]}<\/script>\n<!-- \/ Yoast SEO plugin. -->","yoast_head_json":{"title":"Kontakt - Kompleksowa Obs\u0142uga Informatyczna.","robots":{"index":"index","follow":"follow","max-snippet":"max-snippet:-1","max-image-preview":"max-image-preview:large","max-video-preview":"max-video-preview:-1"},"canonical":"https:\/\/pomocit.pro\/index.php\/kontakt\/","og_locale":"pl_PL","og_type":"article","og_title":"Kontakt - Kompleksowa Obs\u0142uga Informatyczna.","og_description":"telefoniczny: dzia\u0142 handlowy: 504 203 177 serwis: 504 203 110 email: dzia\u0142 handlowy: handel@pomocit.pro serwis: serwis@pomocit.pro adres: Ko\u0144cowa 10\/26 87-100 Toru\u0144 woj. kujawsko-pomorskie","og_url":"https:\/\/pomocit.pro\/index.php\/kontakt\/","og_site_name":"Kompleksowa Obs\u0142uga Informatyczna.","article_publisher":"https:\/\/www.facebook.com\/pomocit.pro\/","article_modified_time":"2022-11-11T21:02:08+00:00","twitter_card":"summary_large_image","twitter_misc":{"Szacowany czas czytania":"1 minuta"},"schema":{"@context":"https:\/\/schema.org","@graph":[{"@type":"WebPage","@id":"https:\/\/pomocit.pro\/index.php\/kontakt\/","url":"https:\/\/pomocit.pro\/index.php\/kontakt\/","name":"Kontakt - Kompleksowa Obs\u0142uga Informatyczna.","isPartOf":{"@id":"https:\/\/pomocit.pro\/#website"},"datePublished":"2019-10-13T06:34:05+00:00","dateModified":"2022-11-11T21:02:08+00:00","breadcrumb":{"@id":"https:\/\/pomocit.pro\/index.php\/kontakt\/#breadcrumb"},"inLanguage":"pl-PL","potentialAction":[{"@type":"ReadAction","target":["https:\/\/pomocit.pro\/index.php\/kontakt\/"]}]},{"@type":"BreadcrumbList","@id":"https:\/\/pomocit.pro\/index.php\/kontakt\/#breadcrumb","itemListElement":[{"@type":"ListItem","position":1,"name":"Strona g\u0142\u00f3wna","item":"https:\/\/pomocit.pro\/"},{"@type":"ListItem","position":2,"name":"Kontakt"}]},{"@type":"WebSite","@id":"https:\/\/pomocit.pro\/#website","url":"https:\/\/pomocit.pro\/","name":"Kompleksowa Obs\u0142uga Informatyczna.","description":"PomocIT.PRO | Pewno\u015b\u0107 i Bezpiecze\u0144stwo","publisher":{"@id":"https:\/\/pomocit.pro\/#organization"},"potentialAction":[{"@type":"SearchAction","target":{"@type":"EntryPoint","urlTemplate":"https:\/\/pomocit.pro\/?s={search_term_string}"},"query-input":{"@type":"PropertyValueSpecification","valueRequired":true,"valueName":"search_term_string"}}],"inLanguage":"pl-PL"},{"@type":"Organization","@id":"https:\/\/pomocit.pro\/#organization","name":"PomocIT.PRO pewno\u015b\u0107 i zaufanie","url":"https:\/\/pomocit.pro\/","logo":{"@type":"ImageObject","inLanguage":"pl-PL","@id":"https:\/\/pomocit.pro\/#\/schema\/logo\/image\/","url":"https:\/\/pomocit.pro\/wp-content\/uploads\/2019\/10\/logo.strona.pomocit.png","contentUrl":"https:\/\/pomocit.pro\/wp-content\/uploads\/2019\/10\/logo.strona.pomocit.png","width":2400,"height":800,"caption":"PomocIT.PRO pewno\u015b\u0107 i zaufanie"},"image":{"@id":"https:\/\/pomocit.pro\/#\/schema\/logo\/image\/"},"sameAs":["https:\/\/www.facebook.com\/pomocit.pro\/"]}]}},"jetpack_sharing_enabled":true,"_links":{"self":[{"href":"https:\/\/pomocit.pro\/index.php\/wp-json\/wp\/v2\/pages\/55","targetHints":{"allow":["GET"]}}],"collection":[{"href":"https:\/\/pomocit.pro\/index.php\/wp-json\/wp\/v2\/pages"}],"about":[{"href":"https:\/\/pomocit.pro\/index.php\/wp-json\/wp\/v2\/types\/page"}],"author":[{"embeddable":true,"href":"https:\/\/pomocit.pro\/index.php\/wp-json\/wp\/v2\/users\/1"}],"replies":[{"embeddable":true,"href":"https:\/\/pomocit.pro\/index.php\/wp-json\/wp\/v2\/comments?post=55"}],"version-history":[{"count":6,"href":"https:\/\/pomocit.pro\/index.php\/wp-json\/wp\/v2\/pages\/55\/revisions"}],"predecessor-version":[{"id":690,"href":"https:\/\/pomocit.pro\/index.php\/wp-json\/wp\/v2\/pages\/55\/revisions\/690"}],"wp:attachment":[{"href":"https:\/\/pomocit.pro\/index.php\/wp-json\/wp\/v2\/media?parent=55"}],"curies":[{"name":"wp","href":"https:\/\/api.w.org\/{rel}","templated":true}]}}