{"id":401,"date":"2023-01-12T19:00:07","date_gmt":"2023-01-12T18:00:07","guid":{"rendered":"https:\/\/pomocit.pro\/index.php\/koszyk\/"},"modified":"2023-01-12T19:00:07","modified_gmt":"2023-01-12T18:00:07","slug":"koszyk","status":"publish","type":"page","link":"https:\/\/pomocit.pro\/index.php\/koszyk\/","title":{"rendered":"Koszyk"},"content":{"rendered":"\n","protected":false},"excerpt":{"rendered":"","protected":false},"author":1,"featured_media":0,"parent":0,"menu_order":0,"comment_status":"closed","ping_status":"closed","template":"","meta":{"inline_featured_image":false,"neve_meta_sidebar":"","neve_meta_container":"","neve_meta_enable_content_width":"","neve_meta_content_width":0,"neve_meta_title_alignment":"","neve_meta_author_avatar":"","neve_post_elements_order":"","neve_meta_disable_header":"","neve_meta_disable_footer":"","neve_meta_disable_title":"","footnotes":""},"class_list":["post-401","page","type-page","status-publish","hentry"],"yoast_head":"<!-- This site is optimized with the Yoast SEO plugin v23.4 - https:\/\/yoast.com\/wordpress\/plugins\/seo\/ -->\n<title>Koszyk - Kompleksowa Obs\u0142uga Informatyczna.<\/title>\n<meta name=\"robots\" content=\"index, follow, max-snippet:-1, max-image-preview:large, max-video-preview:-1\" \/>\n<link rel=\"canonical\" href=\"https:\/\/pomocit.pro\/index.php\/koszyk\/\" \/>\n<meta property=\"og:locale\" content=\"pl_PL\" \/>\n<meta property=\"og:type\" content=\"article\" \/>\n<meta property=\"og:title\" content=\"Koszyk - Kompleksowa Obs\u0142uga Informatyczna.\" \/>\n<meta property=\"og:url\" content=\"https:\/\/pomocit.pro\/index.php\/koszyk\/\" \/>\n<meta property=\"og:site_name\" content=\"Kompleksowa Obs\u0142uga Informatyczna.\" \/>\n<meta property=\"article:publisher\" content=\"https:\/\/www.facebook.com\/pomocit.pro\/\" \/>\n<meta name=\"twitter:card\" content=\"summary_large_image\" \/>\n<script type=\"application\/ld+json\" class=\"yoast-schema-graph\">{\"@context\":\"https:\/\/schema.org\",\"@graph\":[{\"@type\":\"WebPage\",\"@id\":\"https:\/\/pomocit.pro\/index.php\/koszyk\/\",\"url\":\"https:\/\/pomocit.pro\/index.php\/koszyk\/\",\"name\":\"Koszyk - Kompleksowa Obs\u0142uga Informatyczna.\",\"isPartOf\":{\"@id\":\"https:\/\/pomocit.pro\/#website\"},\"datePublished\":\"2023-01-12T18:00:07+00:00\",\"dateModified\":\"2023-01-12T18:00:07+00:00\",\"breadcrumb\":{\"@id\":\"https:\/\/pomocit.pro\/index.php\/koszyk\/#breadcrumb\"},\"inLanguage\":\"pl-PL\",\"potentialAction\":[{\"@type\":\"ReadAction\",\"target\":[\"https:\/\/pomocit.pro\/index.php\/koszyk\/\"]}]},{\"@type\":\"BreadcrumbList\",\"@id\":\"https:\/\/pomocit.pro\/index.php\/koszyk\/#breadcrumb\",\"itemListElement\":[{\"@type\":\"ListItem\",\"position\":1,\"name\":\"Strona g\u0142\u00f3wna\",\"item\":\"https:\/\/pomocit.pro\/\"},{\"@type\":\"ListItem\",\"position\":2,\"name\":\"Koszyk\"}]},{\"@type\":\"WebSite\",\"@id\":\"https:\/\/pomocit.pro\/#website\",\"url\":\"https:\/\/pomocit.pro\/\",\"name\":\"Kompleksowa Obs\u0142uga Informatyczna.\",\"description\":\"PomocIT.PRO | Pewno\u015b\u0107 i Bezpiecze\u0144stwo\",\"publisher\":{\"@id\":\"https:\/\/pomocit.pro\/#organization\"},\"potentialAction\":[{\"@type\":\"SearchAction\",\"target\":{\"@type\":\"EntryPoint\",\"urlTemplate\":\"https:\/\/pomocit.pro\/?s={search_term_string}\"},\"query-input\":{\"@type\":\"PropertyValueSpecification\",\"valueRequired\":true,\"valueName\":\"search_term_string\"}}],\"inLanguage\":\"pl-PL\"},{\"@type\":\"Organization\",\"@id\":\"https:\/\/pomocit.pro\/#organization\",\"name\":\"PomocIT.PRO pewno\u015b\u0107 i zaufanie\",\"url\":\"https:\/\/pomocit.pro\/\",\"logo\":{\"@type\":\"ImageObject\",\"inLanguage\":\"pl-PL\",\"@id\":\"https:\/\/pomocit.pro\/#\/schema\/logo\/image\/\",\"url\":\"https:\/\/pomocit.pro\/wp-content\/uploads\/2019\/10\/logo.strona.pomocit.png\",\"contentUrl\":\"https:\/\/pomocit.pro\/wp-content\/uploads\/2019\/10\/logo.strona.pomocit.png\",\"width\":2400,\"height\":800,\"caption\":\"PomocIT.PRO pewno\u015b\u0107 i zaufanie\"},\"image\":{\"@id\":\"https:\/\/pomocit.pro\/#\/schema\/logo\/image\/\"},\"sameAs\":[\"https:\/\/www.facebook.com\/pomocit.pro\/\"]}]}<\/script>\n<!-- \/ Yoast SEO plugin. -->","yoast_head_json":{"title":"Koszyk - Kompleksowa Obs\u0142uga Informatyczna.","robots":{"index":"index","follow":"follow","max-snippet":"max-snippet:-1","max-image-preview":"max-image-preview:large","max-video-preview":"max-video-preview:-1"},"canonical":"https:\/\/pomocit.pro\/index.php\/koszyk\/","og_locale":"pl_PL","og_type":"article","og_title":"Koszyk - Kompleksowa Obs\u0142uga Informatyczna.","og_url":"https:\/\/pomocit.pro\/index.php\/koszyk\/","og_site_name":"Kompleksowa Obs\u0142uga Informatyczna.","article_publisher":"https:\/\/www.facebook.com\/pomocit.pro\/","twitter_card":"summary_large_image","schema":{"@context":"https:\/\/schema.org","@graph":[{"@type":"WebPage","@id":"https:\/\/pomocit.pro\/index.php\/koszyk\/","url":"https:\/\/pomocit.pro\/index.php\/koszyk\/","name":"Koszyk - Kompleksowa Obs\u0142uga Informatyczna.","isPartOf":{"@id":"https:\/\/pomocit.pro\/#website"},"datePublished":"2023-01-12T18:00:07+00:00","dateModified":"2023-01-12T18:00:07+00:00","breadcrumb":{"@id":"https:\/\/pomocit.pro\/index.php\/koszyk\/#breadcrumb"},"inLanguage":"pl-PL","potentialAction":[{"@type":"ReadAction","target":["https:\/\/pomocit.pro\/index.php\/koszyk\/"]}]},{"@type":"BreadcrumbList","@id":"https:\/\/pomocit.pro\/index.php\/koszyk\/#breadcrumb","itemListElement":[{"@type":"ListItem","position":1,"name":"Strona g\u0142\u00f3wna","item":"https:\/\/pomocit.pro\/"},{"@type":"ListItem","position":2,"name":"Koszyk"}]},{"@type":"WebSite","@id":"https:\/\/pomocit.pro\/#website","url":"https:\/\/pomocit.pro\/","name":"Kompleksowa Obs\u0142uga Informatyczna.","description":"PomocIT.PRO | Pewno\u015b\u0107 i Bezpiecze\u0144stwo","publisher":{"@id":"https:\/\/pomocit.pro\/#organization"},"potentialAction":[{"@type":"SearchAction","target":{"@type":"EntryPoint","urlTemplate":"https:\/\/pomocit.pro\/?s={search_term_string}"},"query-input":{"@type":"PropertyValueSpecification","valueRequired":true,"valueName":"search_term_string"}}],"inLanguage":"pl-PL"},{"@type":"Organization","@id":"https:\/\/pomocit.pro\/#organization","name":"PomocIT.PRO pewno\u015b\u0107 i zaufanie","url":"https:\/\/pomocit.pro\/","logo":{"@type":"ImageObject","inLanguage":"pl-PL","@id":"https:\/\/pomocit.pro\/#\/schema\/logo\/image\/","url":"https:\/\/pomocit.pro\/wp-content\/uploads\/2019\/10\/logo.strona.pomocit.png","contentUrl":"https:\/\/pomocit.pro\/wp-content\/uploads\/2019\/10\/logo.strona.pomocit.png","width":2400,"height":800,"caption":"PomocIT.PRO pewno\u015b\u0107 i zaufanie"},"image":{"@id":"https:\/\/pomocit.pro\/#\/schema\/logo\/image\/"},"sameAs":["https:\/\/www.facebook.com\/pomocit.pro\/"]}]}},"jetpack_sharing_enabled":true,"_links":{"self":[{"href":"https:\/\/pomocit.pro\/index.php\/wp-json\/wp\/v2\/pages\/401","targetHints":{"allow":["GET"]}}],"collection":[{"href":"https:\/\/pomocit.pro\/index.php\/wp-json\/wp\/v2\/pages"}],"about":[{"href":"https:\/\/pomocit.pro\/index.php\/wp-json\/wp\/v2\/types\/page"}],"author":[{"embeddable":true,"href":"https:\/\/pomocit.pro\/index.php\/wp-json\/wp\/v2\/users\/1"}],"replies":[{"embeddable":true,"href":"https:\/\/pomocit.pro\/index.php\/wp-json\/wp\/v2\/comments?post=401"}],"version-history":[{"count":0,"href":"https:\/\/pomocit.pro\/index.php\/wp-json\/wp\/v2\/pages\/401\/revisions"}],"wp:attachment":[{"href":"https:\/\/pomocit.pro\/index.php\/wp-json\/wp\/v2\/media?parent=401"}],"curies":[{"name":"wp","href":"https:\/\/api.w.org\/{rel}","templated":true}]}}