{"id":285,"date":"2022-11-23T23:22:23","date_gmt":"2022-11-23T22:22:23","guid":{"rendered":"https:\/\/pomocit.pro\/?page_id=285"},"modified":"2026-04-05T08:49:18","modified_gmt":"2026-04-05T06:49:18","slug":"do-pobrania","status":"publish","type":"page","link":"https:\/\/pomocit.pro\/index.php\/do-pobrania\/","title":{"rendered":"Do pobrania"},"content":{"rendered":"<h4>Wersje testowe do pobrania<\/h4>\nWersje testowe posiadaj\u0105 nast\u0119puj\u0105ce ograniczenia:\n<ul>\n \t<li>Mo\u017cliwo\u015b\u0107 wys\u0142ania 3 dyspozycji bankowych jednorazowo,<\/li>\n \t<li>Wysy\u0142ka mo\u017cliwa do ko\u0144ca roku 2026,<\/li>\n \t<li>Data z\u0142o\u017cenia dyspozycji to rok 2026.<\/li>\n<\/ul>\n<!-- \/wp:post-content -->\n\n<!-- \/wp:list -->\n\n<!-- wp:table -->\n<figure>\n<table>\n<tbody>\n<tr>\n<td>Data<\/td>\n<td>Nazwa<\/td>\n<td>Link<\/td>\n<\/tr>\n<tr>\n<td>2026-03-30<\/td>\n<td>przelewy walutowe w banku PKO BP dla system\u00f3w InsERT nexo<\/td>\n<td><strong>Tutaj:<\/strong> <a href=\"https:\/\/pomocit.pro\/index.php\/download\/przelewy-walutowe-dla-programow-firmy-insert-linia-nexo-dla-banku-pko-bp\/\">Pobierz<\/a><\/td>\n<\/tr>\n<tr>\n<td>2026-03-30<\/td>\n<td>przelewy walutowe w banku ING SA dla system\u00f3w InsERT nexo (multicash INT)<\/td>\n<td><strong>Tutaj:<\/strong> <a href=\"https:\/\/pomocit.pro\/index.php\/download\/przelewy-walutowe-dla-programow-firmy-insert-linia-nexo-dla-banku-ing-sa\/\">Pobierz<\/a><\/td>\n<\/tr>\n<tr>\n<td><\/td>\n<td><\/td>\n<td><\/td>\n<\/tr>\n<\/tbody>\n<\/table>\n<\/figure>","protected":false},"excerpt":{"rendered":"<p>Wersje testowe do pobrania Wersje testowe posiadaj\u0105 nast\u0119puj\u0105ce ograniczenia: Mo\u017cliwo\u015b\u0107 wys\u0142ania 3 dyspozycji bankowych jednorazowo, Wysy\u0142ka mo\u017cliwa do ko\u0144ca roku 2026, Data z\u0142o\u017cenia dyspozycji to rok 2026. Data Nazwa Link 2026-03-30 przelewy walutowe w banku PKO BP dla system\u00f3w InsERT nexo Tutaj: Pobierz 2026-03-30 przelewy walutowe w banku ING SA dla system\u00f3w InsERT nexo (multicash&hellip;&nbsp;<a href=\"https:\/\/pomocit.pro\/index.php\/do-pobrania\/\" rel=\"bookmark\">Dowiedz si\u0119 wi\u0119cej &raquo;<span class=\"screen-reader-text\">Do pobrania<\/span><\/a><\/p>\n","protected":false},"author":1,"featured_media":0,"parent":0,"menu_order":0,"comment_status":"closed","ping_status":"closed","template":"","meta":{"inline_featured_image":false,"neve_meta_sidebar":"","neve_meta_container":"","neve_meta_enable_content_width":"","neve_meta_content_width":0,"neve_meta_title_alignment":"","neve_meta_author_avatar":"","neve_post_elements_order":"","neve_meta_disable_header":"","neve_meta_disable_footer":"","neve_meta_disable_title":"","footnotes":""},"class_list":["post-285","page","type-page","status-publish","hentry"],"yoast_head":"<!-- This site is optimized with the Yoast SEO plugin v23.4 - https:\/\/yoast.com\/wordpress\/plugins\/seo\/ -->\n<title>Do pobrania - Kompleksowa Obs\u0142uga Informatyczna.<\/title>\n<meta name=\"robots\" content=\"index, follow, max-snippet:-1, max-image-preview:large, max-video-preview:-1\" \/>\n<link rel=\"canonical\" href=\"https:\/\/pomocit.pro\/index.php\/do-pobrania\/\" \/>\n<meta property=\"og:locale\" content=\"pl_PL\" \/>\n<meta property=\"og:type\" content=\"article\" \/>\n<meta property=\"og:title\" content=\"Do pobrania - Kompleksowa Obs\u0142uga Informatyczna.\" \/>\n<meta property=\"og:description\" content=\"Wersje testowe do pobrania Wersje testowe posiadaj\u0105 nast\u0119puj\u0105ce ograniczenia: Mo\u017cliwo\u015b\u0107 wys\u0142ania 3 dyspozycji bankowych jednorazowo, Wysy\u0142ka mo\u017cliwa do ko\u0144ca roku 2026, Data z\u0142o\u017cenia dyspozycji to rok 2026. Data Nazwa Link 2026-03-30 przelewy walutowe w banku PKO BP dla system\u00f3w InsERT nexo Tutaj: Pobierz 2026-03-30 przelewy walutowe w banku ING SA dla system\u00f3w InsERT nexo (multicash&hellip;&nbsp;Dowiedz si\u0119 wi\u0119cej &raquo;Do pobrania\" \/>\n<meta property=\"og:url\" content=\"https:\/\/pomocit.pro\/index.php\/do-pobrania\/\" \/>\n<meta property=\"og:site_name\" content=\"Kompleksowa Obs\u0142uga Informatyczna.\" \/>\n<meta property=\"article:publisher\" content=\"https:\/\/www.facebook.com\/pomocit.pro\/\" \/>\n<meta property=\"article:modified_time\" content=\"2026-04-05T06:49:18+00:00\" \/>\n<meta name=\"twitter:card\" content=\"summary_large_image\" \/>\n<meta name=\"twitter:label1\" content=\"Szacowany czas czytania\" \/>\n\t<meta name=\"twitter:data1\" content=\"1 minuta\" \/>\n<script type=\"application\/ld+json\" class=\"yoast-schema-graph\">{\"@context\":\"https:\/\/schema.org\",\"@graph\":[{\"@type\":\"WebPage\",\"@id\":\"https:\/\/pomocit.pro\/index.php\/do-pobrania\/\",\"url\":\"https:\/\/pomocit.pro\/index.php\/do-pobrania\/\",\"name\":\"Do pobrania - Kompleksowa Obs\u0142uga Informatyczna.\",\"isPartOf\":{\"@id\":\"https:\/\/pomocit.pro\/#website\"},\"datePublished\":\"2022-11-23T22:22:23+00:00\",\"dateModified\":\"2026-04-05T06:49:18+00:00\",\"breadcrumb\":{\"@id\":\"https:\/\/pomocit.pro\/index.php\/do-pobrania\/#breadcrumb\"},\"inLanguage\":\"pl-PL\",\"potentialAction\":[{\"@type\":\"ReadAction\",\"target\":[\"https:\/\/pomocit.pro\/index.php\/do-pobrania\/\"]}]},{\"@type\":\"BreadcrumbList\",\"@id\":\"https:\/\/pomocit.pro\/index.php\/do-pobrania\/#breadcrumb\",\"itemListElement\":[{\"@type\":\"ListItem\",\"position\":1,\"name\":\"Strona g\u0142\u00f3wna\",\"item\":\"https:\/\/pomocit.pro\/\"},{\"@type\":\"ListItem\",\"position\":2,\"name\":\"Do pobrania\"}]},{\"@type\":\"WebSite\",\"@id\":\"https:\/\/pomocit.pro\/#website\",\"url\":\"https:\/\/pomocit.pro\/\",\"name\":\"Kompleksowa Obs\u0142uga Informatyczna.\",\"description\":\"PomocIT.PRO | Pewno\u015b\u0107 i Bezpiecze\u0144stwo\",\"publisher\":{\"@id\":\"https:\/\/pomocit.pro\/#organization\"},\"potentialAction\":[{\"@type\":\"SearchAction\",\"target\":{\"@type\":\"EntryPoint\",\"urlTemplate\":\"https:\/\/pomocit.pro\/?s={search_term_string}\"},\"query-input\":{\"@type\":\"PropertyValueSpecification\",\"valueRequired\":true,\"valueName\":\"search_term_string\"}}],\"inLanguage\":\"pl-PL\"},{\"@type\":\"Organization\",\"@id\":\"https:\/\/pomocit.pro\/#organization\",\"name\":\"PomocIT.PRO pewno\u015b\u0107 i zaufanie\",\"url\":\"https:\/\/pomocit.pro\/\",\"logo\":{\"@type\":\"ImageObject\",\"inLanguage\":\"pl-PL\",\"@id\":\"https:\/\/pomocit.pro\/#\/schema\/logo\/image\/\",\"url\":\"https:\/\/pomocit.pro\/wp-content\/uploads\/2019\/10\/logo.strona.pomocit.png\",\"contentUrl\":\"https:\/\/pomocit.pro\/wp-content\/uploads\/2019\/10\/logo.strona.pomocit.png\",\"width\":2400,\"height\":800,\"caption\":\"PomocIT.PRO pewno\u015b\u0107 i zaufanie\"},\"image\":{\"@id\":\"https:\/\/pomocit.pro\/#\/schema\/logo\/image\/\"},\"sameAs\":[\"https:\/\/www.facebook.com\/pomocit.pro\/\"]}]}<\/script>\n<!-- \/ Yoast SEO plugin. -->","yoast_head_json":{"title":"Do pobrania - Kompleksowa Obs\u0142uga Informatyczna.","robots":{"index":"index","follow":"follow","max-snippet":"max-snippet:-1","max-image-preview":"max-image-preview:large","max-video-preview":"max-video-preview:-1"},"canonical":"https:\/\/pomocit.pro\/index.php\/do-pobrania\/","og_locale":"pl_PL","og_type":"article","og_title":"Do pobrania - Kompleksowa Obs\u0142uga Informatyczna.","og_description":"Wersje testowe do pobrania Wersje testowe posiadaj\u0105 nast\u0119puj\u0105ce ograniczenia: Mo\u017cliwo\u015b\u0107 wys\u0142ania 3 dyspozycji bankowych jednorazowo, Wysy\u0142ka mo\u017cliwa do ko\u0144ca roku 2026, Data z\u0142o\u017cenia dyspozycji to rok 2026. Data Nazwa Link 2026-03-30 przelewy walutowe w banku PKO BP dla system\u00f3w InsERT nexo Tutaj: Pobierz 2026-03-30 przelewy walutowe w banku ING SA dla system\u00f3w InsERT nexo (multicash&hellip;&nbsp;Dowiedz si\u0119 wi\u0119cej &raquo;Do pobrania","og_url":"https:\/\/pomocit.pro\/index.php\/do-pobrania\/","og_site_name":"Kompleksowa Obs\u0142uga Informatyczna.","article_publisher":"https:\/\/www.facebook.com\/pomocit.pro\/","article_modified_time":"2026-04-05T06:49:18+00:00","twitter_card":"summary_large_image","twitter_misc":{"Szacowany czas czytania":"1 minuta"},"schema":{"@context":"https:\/\/schema.org","@graph":[{"@type":"WebPage","@id":"https:\/\/pomocit.pro\/index.php\/do-pobrania\/","url":"https:\/\/pomocit.pro\/index.php\/do-pobrania\/","name":"Do pobrania - Kompleksowa Obs\u0142uga Informatyczna.","isPartOf":{"@id":"https:\/\/pomocit.pro\/#website"},"datePublished":"2022-11-23T22:22:23+00:00","dateModified":"2026-04-05T06:49:18+00:00","breadcrumb":{"@id":"https:\/\/pomocit.pro\/index.php\/do-pobrania\/#breadcrumb"},"inLanguage":"pl-PL","potentialAction":[{"@type":"ReadAction","target":["https:\/\/pomocit.pro\/index.php\/do-pobrania\/"]}]},{"@type":"BreadcrumbList","@id":"https:\/\/pomocit.pro\/index.php\/do-pobrania\/#breadcrumb","itemListElement":[{"@type":"ListItem","position":1,"name":"Strona g\u0142\u00f3wna","item":"https:\/\/pomocit.pro\/"},{"@type":"ListItem","position":2,"name":"Do pobrania"}]},{"@type":"WebSite","@id":"https:\/\/pomocit.pro\/#website","url":"https:\/\/pomocit.pro\/","name":"Kompleksowa Obs\u0142uga Informatyczna.","description":"PomocIT.PRO | Pewno\u015b\u0107 i Bezpiecze\u0144stwo","publisher":{"@id":"https:\/\/pomocit.pro\/#organization"},"potentialAction":[{"@type":"SearchAction","target":{"@type":"EntryPoint","urlTemplate":"https:\/\/pomocit.pro\/?s={search_term_string}"},"query-input":{"@type":"PropertyValueSpecification","valueRequired":true,"valueName":"search_term_string"}}],"inLanguage":"pl-PL"},{"@type":"Organization","@id":"https:\/\/pomocit.pro\/#organization","name":"PomocIT.PRO pewno\u015b\u0107 i zaufanie","url":"https:\/\/pomocit.pro\/","logo":{"@type":"ImageObject","inLanguage":"pl-PL","@id":"https:\/\/pomocit.pro\/#\/schema\/logo\/image\/","url":"https:\/\/pomocit.pro\/wp-content\/uploads\/2019\/10\/logo.strona.pomocit.png","contentUrl":"https:\/\/pomocit.pro\/wp-content\/uploads\/2019\/10\/logo.strona.pomocit.png","width":2400,"height":800,"caption":"PomocIT.PRO pewno\u015b\u0107 i zaufanie"},"image":{"@id":"https:\/\/pomocit.pro\/#\/schema\/logo\/image\/"},"sameAs":["https:\/\/www.facebook.com\/pomocit.pro\/"]}]}},"jetpack_sharing_enabled":true,"_links":{"self":[{"href":"https:\/\/pomocit.pro\/index.php\/wp-json\/wp\/v2\/pages\/285","targetHints":{"allow":["GET"]}}],"collection":[{"href":"https:\/\/pomocit.pro\/index.php\/wp-json\/wp\/v2\/pages"}],"about":[{"href":"https:\/\/pomocit.pro\/index.php\/wp-json\/wp\/v2\/types\/page"}],"author":[{"embeddable":true,"href":"https:\/\/pomocit.pro\/index.php\/wp-json\/wp\/v2\/users\/1"}],"replies":[{"embeddable":true,"href":"https:\/\/pomocit.pro\/index.php\/wp-json\/wp\/v2\/comments?post=285"}],"version-history":[{"count":75,"href":"https:\/\/pomocit.pro\/index.php\/wp-json\/wp\/v2\/pages\/285\/revisions"}],"predecessor-version":[{"id":881,"href":"https:\/\/pomocit.pro\/index.php\/wp-json\/wp\/v2\/pages\/285\/revisions\/881"}],"wp:attachment":[{"href":"https:\/\/pomocit.pro\/index.php\/wp-json\/wp\/v2\/media?parent=285"}],"curies":[{"name":"wp","href":"https:\/\/api.w.org\/{rel}","templated":true}]}}